{"id":1167,"date":"2016-06-09T14:11:37","date_gmt":"2016-06-09T12:11:37","guid":{"rendered":"https:\/\/atgp.simple.foodle.co\/realisations-de-sites-web\/"},"modified":"2022-07-19T12:54:53","modified_gmt":"2022-07-19T10:54:53","slug":"realisations-de-sites-web","status":"publish","type":"page","link":"https:\/\/accueil-tradition-grand-place.be\/en\/realisations-de-sites-web\/","title":{"rendered":"Created Website"},"content":{"rendered":"<p>This website&nbsp;<a href=\"http:\/\/atgp-new.wp.foodle.be\/\"><strong>\u201cAccueil et Tradition\u201d<\/strong> <\/a> was created by <a href=\"http:\/\/www.oye-oye.net\/\" target=\"_blank\" rel=\"noopener\"><b><i>OY\u00c9-OY\u00c9 <\/i><\/b>\u00a9<\/a>, <strong>the web agency<\/strong> of <a href=\"http:\/\/www.petitfute.com\/p242-belgique\/\" target=\"_blank\" rel=\"noopener\">Petit Fut\u00e9 Belgique<\/a>.<\/p>\n<p><strong>OY\u00c9-OY\u00c9<\/strong> has built the right solution to effectively promote&nbsp;<strong>\u201cAccueil et Tradition\u201d&nbsp;<\/strong> on the web<\/p>\n<p>First of all by creating this functional website and especially by forging links with the major players on the web (social networks, platforms&#8230;) to obtain higher visibility.<\/p>\n<p><strong>OY\u00c9-OY\u00c9&nbsp;<\/strong> has been active in communication since 1989 in the HORECA (restaurants), LEISURE and TOURISM sectors (with the guides Petit Fut\u00e9 in <strong>Brussels<\/strong> and <strong>Belgium<\/strong>) and started on the web since 2001. Today Oy\u00e9 Oy\u00e9 provides its customers with efficient and trendy tools. In a most transparent fashion all has been put in place for the managers of <strong>\u201cAccueil et Tradition\u201d&nbsp;<\/strong>to be able to act independently and give their business a more visible and permanent presence on the web.<\/p>\n","protected":false},"excerpt":{"rendered":"<p>This website&nbsp;\u201cAccueil et Tradition\u201d was created by OY\u00c9-OY\u00c9 \u00a9, the web agency of Petit Fut\u00e9 Belgique. OY\u00c9-OY\u00c9 has built the right solution to effectively promote&nbsp;\u201cAccueil et Tradition\u201d&nbsp; on the web First of all by creating this functional website and especially by forging links with the major players on the web (social networks, platforms&#8230;) to obtain [&hellip;]<\/p>\n","protected":false},"author":2,"featured_media":0,"parent":0,"menu_order":0,"comment_status":"closed","ping_status":"open","template":"","meta":{"footnotes":""},"class_list":["post-1167","page","type-page","status-publish","hentry"],"_links":{"self":[{"href":"https:\/\/accueil-tradition-grand-place.be\/en\/wp-json\/wp\/v2\/pages\/1167","targetHints":{"allow":["GET"]}}],"collection":[{"href":"https:\/\/accueil-tradition-grand-place.be\/en\/wp-json\/wp\/v2\/pages"}],"about":[{"href":"https:\/\/accueil-tradition-grand-place.be\/en\/wp-json\/wp\/v2\/types\/page"}],"author":[{"embeddable":true,"href":"https:\/\/accueil-tradition-grand-place.be\/en\/wp-json\/wp\/v2\/users\/2"}],"replies":[{"embeddable":true,"href":"https:\/\/accueil-tradition-grand-place.be\/en\/wp-json\/wp\/v2\/comments?post=1167"}],"version-history":[{"count":1,"href":"https:\/\/accueil-tradition-grand-place.be\/en\/wp-json\/wp\/v2\/pages\/1167\/revisions"}],"predecessor-version":[{"id":1220,"href":"https:\/\/accueil-tradition-grand-place.be\/en\/wp-json\/wp\/v2\/pages\/1167\/revisions\/1220"}],"wp:attachment":[{"href":"https:\/\/accueil-tradition-grand-place.be\/en\/wp-json\/wp\/v2\/media?parent=1167"}],"curies":[{"name":"wp","href":"https:\/\/api.w.org\/{rel}","templated":true}]}}