{"id":1156,"date":"2016-06-09T14:11:37","date_gmt":"2016-06-09T12:11:37","guid":{"rendered":"https:\/\/atgp.simple.foodle.co\/realisations-de-sites-web\/"},"modified":"2022-07-19T13:57:23","modified_gmt":"2022-07-19T11:57:23","slug":"realisations-de-sites-web","status":"publish","type":"page","link":"https:\/\/accueil-tradition-grand-place.be\/nl\/realisations-de-sites-web\/","title":{"rendered":"Realisatie Website"},"content":{"rendered":"<p>De website van\u00a0<a href=\"http:\/\/atgp-new.wp.foodle.be\/\"><strong>\u201cAccueil et Tradition\u201d<\/strong> <\/a> werd gecre\u00eberd door <a href=\"http:\/\/www.oye-oye.net\/\" target=\"_blank\" rel=\"noopener\"><b><i>OY\u00c9-OY\u00c9 <\/i><\/b>\u00a9<\/a>, <strong>de web agency<\/strong> van <a href=\"http:\/\/www.petitfute.com\/p242-belgique\/\" target=\"_blank\" rel=\"noopener\">Petit Fut\u00e9 Belgique<\/a>.<\/p>\n<p>Eerst en vooral door het opzetten van deze handige site en dan zeker door links te maken met de voornaamste actoren op het wereldwijde web (sociale netwerken, platformen, enz.. ) om de zichtbaarheid nog te verhogen.<\/p>\n<p><strong>OY\u00c9-OY\u00c9\u00a0<\/strong> is al sinds 1989 actief in communicatie in de HORECA, VRIJE TIJD en TOERISME sectoren (met de Petit Fut\u00e9 gidsen van <strong>Brussel<\/strong> en <strong>Belgi\u00eb<\/strong>) en begon actief te zijn op het web in 2001.<br \/>\nVandaag brengt Oye Oye een reeks effici\u00ebnte en trendy tools op de markt voor haar klanten. De managers van\u00a0<strong>\u201cAccueil et Tradition\u201d\u00a0<\/strong>kregen op transparante wijze alles aangereikt om onafhankelijk te kunnen handelen om zo hun zaak een meer zichtbare en prominente plaats op het web te geven.<\/p>\n","protected":false},"excerpt":{"rendered":"<p>De website van\u00a0\u201cAccueil et Tradition\u201d werd gecre\u00eberd door OY\u00c9-OY\u00c9 \u00a9, de web agency van Petit Fut\u00e9 Belgique. Eerst en vooral door het opzetten van deze handige site en dan zeker door links te maken met de voornaamste actoren op het wereldwijde web (sociale netwerken, platformen, enz.. ) om de zichtbaarheid nog te verhogen. OY\u00c9-OY\u00c9\u00a0 is [&hellip;]<\/p>\n","protected":false},"author":2,"featured_media":0,"parent":0,"menu_order":0,"comment_status":"closed","ping_status":"open","template":"","meta":{"footnotes":""},"class_list":["post-1156","page","type-page","status-publish","hentry"],"_links":{"self":[{"href":"https:\/\/accueil-tradition-grand-place.be\/nl\/wp-json\/wp\/v2\/pages\/1156","targetHints":{"allow":["GET"]}}],"collection":[{"href":"https:\/\/accueil-tradition-grand-place.be\/nl\/wp-json\/wp\/v2\/pages"}],"about":[{"href":"https:\/\/accueil-tradition-grand-place.be\/nl\/wp-json\/wp\/v2\/types\/page"}],"author":[{"embeddable":true,"href":"https:\/\/accueil-tradition-grand-place.be\/nl\/wp-json\/wp\/v2\/users\/2"}],"replies":[{"embeddable":true,"href":"https:\/\/accueil-tradition-grand-place.be\/nl\/wp-json\/wp\/v2\/comments?post=1156"}],"version-history":[{"count":1,"href":"https:\/\/accueil-tradition-grand-place.be\/nl\/wp-json\/wp\/v2\/pages\/1156\/revisions"}],"predecessor-version":[{"id":1248,"href":"https:\/\/accueil-tradition-grand-place.be\/nl\/wp-json\/wp\/v2\/pages\/1156\/revisions\/1248"}],"wp:attachment":[{"href":"https:\/\/accueil-tradition-grand-place.be\/nl\/wp-json\/wp\/v2\/media?parent=1156"}],"curies":[{"name":"wp","href":"https:\/\/api.w.org\/{rel}","templated":true}]}}